{"id":37,"date":"2019-02-08T11:06:27","date_gmt":"2019-02-08T11:06:27","guid":{"rendered":"http:\/\/www.surmelidental.com\/?page_id=37"},"modified":"2023-11-21T11:24:54","modified_gmt":"2023-11-21T11:24:54","slug":"hakkimizda","status":"publish","type":"page","link":"https:\/\/www.surmelidental.com\/?page_id=37","title":{"rendered":"Hakk\u0131m\u0131zda"},"content":{"rendered":"<p>[et_pb_section fb_built=&#8221;1&#8243; _builder_version=&#8221;3.22&#8243; global_colors_info=&#8221;{}&#8221;][et_pb_row _builder_version=&#8221;3.25&#8243; global_colors_info=&#8221;{}&#8221;][et_pb_column type=&#8221;4_4&#8243; _builder_version=&#8221;3.25&#8243; custom_padding=&#8221;|||&#8221; global_colors_info=&#8221;{}&#8221; custom_padding__hover=&#8221;|||&#8221;][et_pb_text _builder_version=&#8221;3.27.4&#8243; global_colors_info=&#8221;{}&#8221;]<\/p>\n<p style=\"text-align: center;\"><span style=\"font-size: 14px;\"><\/span><strong>Bizi Tan\u0131y\u0131n<\/strong><\/p>\n<p><span style=\"font-size: 14px;\">Bizde di\u015f malzemelerine ilgi \u00e7ok \u00f6nceye dayan\u0131r. Babam\u0131z Di\u015f Hekimi oldu\u011fu i\u00e7in, hayat\u0131m\u0131z muaynehanede ge\u00e7ti. Haliyle k\u00fc\u00e7\u00fck ya\u015flardan itibaren di\u015f hekimli\u011fi malzemeleri ile b\u00fcy\u00fcd\u00fck. \u00c7ocukken muaynehanede ilgilimizi \u00e7eken di\u015f malzemeleri b\u00fcy\u00fcd\u00fc\u011f\u00fcm\u00fcz zaman bizim ekmek kap\u0131m\u0131z oldu.<\/span><\/p>\n<p>2009 y\u0131l\u0131nda tamamen tesad\u00fcf eseri kat\u0131ld\u0131\u011f\u0131m bir G\u00fcney Kore seyahati dental sekt\u00f6re girmemin ilk ald\u0131m\u0131 oldu. Bu gezide tan\u0131\u015ft\u0131\u011f\u0131m ve birlikte 2 hafta ge\u00e7irdi\u011fim bir dental malzeme distrib\u00fct\u00f6r\u00fc gezinin sonunda kendi ya\u015fad\u0131\u011f\u0131m \u015fehirde ithal etti\u011fi \u00fcr\u00fcnlerin bayili\u011fini teklif etti. Ailede de bir Di\u015f Hekimi olunca bu teklif k\u0131sa s\u00fcrede hayata ge\u00e7irdim.<\/p>\n<p>Memleketim olan Hatay da 2009 y\u0131l\u0131nda ba\u015flayan bu mecera 2014 y\u0131l\u0131nda \u0130stanbul\u2019 a yerle\u015fmem ile ciddi bir seviye atlayarak \u0130stanbul\u2019 a ta\u015f\u0131nd\u0131.<\/p>\n<p>Burada bir s\u00fcre dental sekt\u00f6r\u00fc inceledim. Daha \u00f6nce de yo\u011fun ticaret yapt\u0131\u011f\u0131m \u00c7apa Dental ile anla\u015farak sekt\u00f6r\u00fcn en prestijli markalar\u0131ndan biri olan Ultradent\u2019 in Opalescence Marka M\u00fcd\u00fcr\u00fc olarak konumland\u0131m, ve hem Di\u015f Hekimleriyle hem de eczanelerle \u00e7al\u0131\u015fmaya ba\u015flad\u0131m. Bir yandan Di\u015f Hekimi ziyaretleri yap\u0131yordum, bir yandan da eczanelerde \u00fcr\u00fcnlerimizi konumland\u0131r\u0131yordum. Bu \u015fekilde dahil oldu\u011fum eczane sekt\u00f6r\u00fcnde, \u00f6zellikle profesyonel a\u011f\u0131z bak\u0131m\u0131 \u00fcr\u00fcnlerinin \u00f6neminin yeteri kadar bilinmedi\u011fini farkettim. Eczaneden al\u0131nmas\u0131 gereken profesyonel bilgiler maalesef al\u0131namad\u0131\u011f\u0131 i\u00e7in, internette bir milyoncu gibi \u00e7al\u0131\u015fan e-ticaret ma\u011fazalar\u0131na mecbur kal\u0131yordu son t\u00fcketiciler.<\/p>\n<p>Sa\u011fl\u0131k i\u015finin kesinlikle sadece ticari kayg\u0131larla yap\u0131lamayaca\u011f\u0131na olan inanc\u0131m\u0131z, k\u00fc\u00e7\u00fck ya\u015flar\u0131m\u0131zdan itibaren i\u00e7imize kaz\u0131nm\u0131\u015ft\u0131.<\/p>\n<p>Bu sebepten dolay\u0131 kendimize bir misyon edindik:<\/p>\n<p>A\u011f\u0131z ve Di\u015f Sa\u011fl\u0131\u011f\u0131 Konusunda Uzman Olacakt\u0131k \u00a0ve birlikte \u00e7al\u0131\u015ft\u0131\u011f\u0131m\u0131z t\u00fcm herkesi bu konuda insanlara faydal\u0131 olabilecekleri kadar e\u011fitecektik.<\/p>\n<p>Kendi firmam\u0131z\u0131 ve kendi ekibimizi kurduk. Ekibimizi se\u00e7erken ilk \u00f6nceli\u011fimiz yard\u0131m etmekten mutlu olan insanlar\u0131 bir araya getirebilmekti.<\/p>\n<p>Gerekli ekibi kurduktan sonra Gc T\u00fcrkiye ile \u00e7al\u0131\u015fmaya ba\u015flad\u0131k, ve \u00fcr\u00fcn e\u011fitimlerini t\u00fcm ekibe ald\u0131rd\u0131k. \u015euanda ekibimiz hem eczanelere, hem hekimlerimize, hem de di\u015f hekimli\u011fi fak\u00fcltelerindeki uzmanlar\u0131m\u0131za \u00fcr\u00fcn bilgilendirmeleri yap\u0131yor, hem de internet \u00fczerinden al\u0131m yapmak isteyen sizlere en do\u011fru \u015fekilde yard\u0131mc\u0131 olmaya \u00e7al\u0131\u015f\u0131yoruz.<\/p>\n<p>Biz, Sadece Ticaret Yapmad\u0131\u011f\u0131m\u0131z\u0131n Fark\u0131nday\u0131z. Sizin Sa\u011fl\u0131\u011f\u0131n\u0131z \u0130\u00e7in Do\u011fru ve Gerekli \u00dcr\u00fcnleri \u0130htiyac\u0131n\u0131z Oldu\u011fu S\u00fcrece Sizlerle Bulu\u015fturmaya \u00c7al\u0131\u015f\u0131yoruz. \u00dcr\u00fcnlerimizin Sizin Sorununuza Uygun Olmad\u0131\u011f\u0131n\u0131 D\u00fc\u015f\u00fcnd\u00fc\u011f\u00fcm\u00fcz Zaman, Almaman\u0131z\u0131 Tavsiye Edebiliyoruz.<\/p>\n<p>\u0130\u015fte bu s\u00fcre\u00e7lerde harmanlanan S\u00fcrmeli Dental olarak; \u015fuanda sizlere S\u00fcrd\u00fcr\u00fclebilir ve Bilin\u00e7li Al\u0131\u015fveri\u015f vizyonu ile hizmet vermeye devam ediyoruz.<\/p>\n<p>Sayg\u0131lar\u0131m\u0131zla.<\/p>\n<p>&nbsp;<\/p>\n<p>[\/et_pb_text][\/et_pb_column][\/et_pb_row][et_pb_row _builder_version=&#8221;4.14.5&#8243; hover_enabled=&#8221;0&#8243; global_colors_info=&#8221;{}&#8221; column_structure=&#8221;1_5,1_5,1_5,1_5,1_5&#8243; sticky_enabled=&#8221;0&#8243;][et_pb_column type=&#8221;1_5&#8243; _builder_version=&#8221;3.25&#8243; custom_padding=&#8221;|||&#8221; global_colors_info=&#8221;{}&#8221; custom_padding__hover=&#8221;|||&#8221;][et_pb_team_member name=&#8221;Ufuk S\u00fcrmeli&#8221; position=&#8221;Genel Koordinat\u00f6r&#8221; image_url=&#8221;data:image\/svg+xml;base64,PHN2ZyB3aWR0aD0iNTAwIiBoZWlnaHQ9IjUwMCIgdmlld0JveD0iMCAwIDUwMCA1MDAiIHhtbG5zPSJodHRwOi8vd3d3LnczLm9yZy8yMDAwL3N2ZyI+CiAgICA8ZyBmaWxsPSJub25lIiBmaWxsLXJ1bGU9ImV2ZW5vZGQiPgogICAgICAgIDxwYXRoIGZpbGw9IiNFQkVCRUIiIGQ9Ik0wIDBoNTAwdjUwMEgweiIvPgogICAgICAgIDxyZWN0IGZpbGwtb3BhY2l0eT0iLjEiIGZpbGw9IiMwMDAiIHg9IjY4IiB5PSIzMDUiIHdpZHRoPSIzNjQiIGhlaWdodD0iNTY4IiByeD0iMTgyIi8+CiAgICAgICAgPGNpcmNsZSBmaWxsLW9wYWNpdHk9Ii4xIiBmaWxsPSIjMDAwIiBjeD0iMjQ5IiBjeT0iMTcyIiByPSIxMDAiLz4KICAgIDwvZz4KPC9zdmc+Cg==&#8221; _builder_version=&#8221;3.19.12&#8243; text_orientation=&#8221;center&#8221; global_colors_info=&#8221;{}&#8221;]<\/p>\n<p><a href=\"mailto:ufuk@surmelidental.com\">ufuk@surmelidental.com<\/a><\/p>\n<p>0532 470 77 04<\/p>\n<p>[\/et_pb_team_member][\/et_pb_column][et_pb_column type=&#8221;1_5&#8243; _builder_version=&#8221;3.25&#8243; custom_padding=&#8221;|||&#8221; global_colors_info=&#8221;{}&#8221; custom_padding__hover=&#8221;|||&#8221;][et_pb_team_member name=&#8221;\u00d6zer S\u00fcrmeli&#8221; position=&#8221;Sat\u0131\u015f Koordinat\u00f6r\u00fc&#8221; image_url=&#8221;data:image\/svg+xml;base64,PHN2ZyB3aWR0aD0iNTAwIiBoZWlnaHQ9IjUwMCIgdmlld0JveD0iMCAwIDUwMCA1MDAiIHhtbG5zPSJodHRwOi8vd3d3LnczLm9yZy8yMDAwL3N2ZyI+CiAgICA8ZyBmaWxsPSJub25lIiBmaWxsLXJ1bGU9ImV2ZW5vZGQiPgogICAgICAgIDxwYXRoIGZpbGw9IiNFQkVCRUIiIGQ9Ik0wIDBoNTAwdjUwMEgweiIvPgogICAgICAgIDxyZWN0IGZpbGwtb3BhY2l0eT0iLjEiIGZpbGw9IiMwMDAiIHg9IjY4IiB5PSIzMDUiIHdpZHRoPSIzNjQiIGhlaWdodD0iNTY4IiByeD0iMTgyIi8+CiAgICAgICAgPGNpcmNsZSBmaWxsLW9wYWNpdHk9Ii4xIiBmaWxsPSIjMDAwIiBjeD0iMjQ5IiBjeT0iMTcyIiByPSIxMDAiLz4KICAgIDwvZz4KPC9zdmc+Cg==&#8221; _builder_version=&#8221;4.14.5&#8243; text_orientation=&#8221;center&#8221; hover_enabled=&#8221;0&#8243; global_colors_info=&#8221;{}&#8221; sticky_enabled=&#8221;0&#8243;]<\/p>\n<p><a href=\"mailto:ozer@surmelidental.com\">ozer@surmelidental.com<\/a><\/p>\n<p>0544 315 01 35<\/p>\n<p>[\/et_pb_team_member][\/et_pb_column][et_pb_column type=&#8221;1_5&#8243; _builder_version=&#8221;3.25&#8243; custom_padding=&#8221;|||&#8221; global_colors_info=&#8221;{}&#8221; custom_padding__hover=&#8221;|||&#8221;][et_pb_team_member name=&#8221;Baybora G\u00fcrsoy&#8221; position=&#8221;\u0130\u00e7 Anadolu B\u00f6lge&#8221; image_url=&#8221;data:image\/svg+xml;base64,PHN2ZyB3aWR0aD0iNTAwIiBoZWlnaHQ9IjUwMCIgdmlld0JveD0iMCAwIDUwMCA1MDAiIHhtbG5zPSJodHRwOi8vd3d3LnczLm9yZy8yMDAwL3N2ZyI+CiAgICA8ZyBmaWxsPSJub25lIiBmaWxsLXJ1bGU9ImV2ZW5vZGQiPgogICAgICAgIDxwYXRoIGZpbGw9IiNFQkVCRUIiIGQ9Ik0wIDBoNTAwdjUwMEgweiIvPgogICAgICAgIDxyZWN0IGZpbGwtb3BhY2l0eT0iLjEiIGZpbGw9IiMwMDAiIHg9IjY4IiB5PSIzMDUiIHdpZHRoPSIzNjQiIGhlaWdodD0iNTY4IiByeD0iMTgyIi8+CiAgICAgICAgPGNpcmNsZSBmaWxsLW9wYWNpdHk9Ii4xIiBmaWxsPSIjMDAwIiBjeD0iMjQ5IiBjeT0iMTcyIiByPSIxMDAiLz4KICAgIDwvZz4KPC9zdmc+Cg==&#8221; _builder_version=&#8221;4.14.5&#8243; text_orientation=&#8221;center&#8221; hover_enabled=&#8221;0&#8243; global_colors_info=&#8221;{}&#8221; sticky_enabled=&#8221;0&#8243;]<\/p>\n<p><a href=\"mailto:tanberk@surmelidental.com\">baybora@surmelidental.com<\/a><\/p>\n<p>0507 810 96 331<\/p>\n<p>[\/et_pb_team_member][\/et_pb_column][et_pb_column type=&#8221;1_5&#8243; _builder_version=&#8221;3.25&#8243; custom_padding=&#8221;|||&#8221; global_colors_info=&#8221;{}&#8221; custom_padding__hover=&#8221;|||&#8221;][et_pb_team_member name=&#8221;An\u0131l \u00c7okak&#8221; position=&#8221;Denizli B\u00f6lge Sorumlusu&#8221; image_url=&#8221;data:image\/svg+xml;base64,PHN2ZyB3aWR0aD0iNTAwIiBoZWlnaHQ9IjUwMCIgdmlld0JveD0iMCAwIDUwMCA1MDAiIHhtbG5zPSJodHRwOi8vd3d3LnczLm9yZy8yMDAwL3N2ZyI+CiAgICA8ZyBmaWxsPSJub25lIiBmaWxsLXJ1bGU9ImV2ZW5vZGQiPgogICAgICAgIDxwYXRoIGZpbGw9IiNFQkVCRUIiIGQ9Ik0wIDBoNTAwdjUwMEgweiIvPgogICAgICAgIDxyZWN0IGZpbGwtb3BhY2l0eT0iLjEiIGZpbGw9IiMwMDAiIHg9IjY4IiB5PSIzMDUiIHdpZHRoPSIzNjQiIGhlaWdodD0iNTY4IiByeD0iMTgyIi8+CiAgICAgICAgPGNpcmNsZSBmaWxsLW9wYWNpdHk9Ii4xIiBmaWxsPSIjMDAwIiBjeD0iMjQ5IiBjeT0iMTcyIiByPSIxMDAiLz4KICAgIDwvZz4KPC9zdmc+Cg==&#8221; _builder_version=&#8221;4.14.5&#8243; text_orientation=&#8221;center&#8221; hover_enabled=&#8221;0&#8243; global_colors_info=&#8221;{}&#8221; sticky_enabled=&#8221;0&#8243;]<\/p>\n<p><a href=\"mailto:muhasebe@surmelidental.com\">anil@surmelidental.com<\/a><\/p>\n<p>0554 288 97 96<\/p>\n<p>[\/et_pb_team_member][\/et_pb_column][et_pb_column _builder_version=&#8221;4.14.5&#8243; _module_preset=&#8221;default&#8221; type=&#8221;1_5&#8243; link_option_url_new_window=&#8221;on&#8221; hover_enabled=&#8221;0&#8243; sticky_enabled=&#8221;0&#8243;][et_pb_team_member name=&#8221;Serhat Ye\u015filkaya&#8221; image_url=&#8221;data:image\/svg+xml;base64,PHN2ZyB3aWR0aD0iNTAwIiBoZWlnaHQ9IjUwMCIgdmlld0JveD0iMCAwIDUwMCA1MDAiIHhtbG5zPSJodHRwOi8vd3d3LnczLm9yZy8yMDAwL3N2ZyI+CiAgICA8ZyBmaWxsPSJub25lIiBmaWxsLXJ1bGU9ImV2ZW5vZGQiPgogICAgICAgIDxwYXRoIGZpbGw9IiNFQkVCRUIiIGQ9Ik0wIDBoNTAwdjUwMEgweiIvPgogICAgICAgIDxyZWN0IGZpbGwtb3BhY2l0eT0iLjEiIGZpbGw9IiMwMDAiIHg9IjY4IiB5PSIzMDUiIHdpZHRoPSIzNjQiIGhlaWdodD0iNTY4IiByeD0iMTgyIi8+CiAgICAgICAgPGNpcmNsZSBmaWxsLW9wYWNpdHk9Ii4xIiBmaWxsPSIjMDAwIiBjeD0iMjQ5IiBjeT0iMTcyIiByPSIxMDAiLz4KICAgIDwvZz4KPC9zdmc+Cg==&#8221; position=&#8221;Depo Sorumlusu&#8221; _builder_version=&#8221;4.14.5&#8243; _module_preset=&#8221;default&#8221; hover_enabled=&#8221;0&#8243; sticky_enabled=&#8221;0&#8243; text_orientation=&#8221;center&#8221; header_font_size=&#8221;18px&#8221;]<\/p>\n<p><a href=\"mailto:serhat@surmelidental.com\">serhat@surmelidental.com<\/a><\/p>\n<p>0507 810 96 331<\/p>\n<p>[\/et_pb_team_member][\/et_pb_column][\/et_pb_row][\/et_pb_section]<\/p>\n","protected":false},"excerpt":{"rendered":"<p>Bizi Tan\u0131y\u0131n Bizde di\u015f malzemelerine ilgi \u00e7ok \u00f6nceye dayan\u0131r. Babam\u0131z Di\u015f Hekimi oldu\u011fu i\u00e7in, hayat\u0131m\u0131z muaynehanede ge\u00e7ti. Haliyle k\u00fc\u00e7\u00fck ya\u015flardan itibaren di\u015f hekimli\u011fi malzemeleri ile b\u00fcy\u00fcd\u00fck. \u00c7ocukken muaynehanede ilgilimizi \u00e7eken di\u015f malzemeleri b\u00fcy\u00fcd\u00fc\u011f\u00fcm\u00fcz zaman bizim ekmek kap\u0131m\u0131z oldu. 2009 y\u0131l\u0131nda tamamen tesad\u00fcf eseri kat\u0131ld\u0131\u011f\u0131m bir G\u00fcney Kore seyahati dental sekt\u00f6re girmemin ilk ald\u0131m\u0131 oldu. Bu [&hellip;]<\/p>\n","protected":false},"author":1,"featured_media":0,"parent":0,"menu_order":0,"comment_status":"closed","ping_status":"closed","template":"","meta":{"_et_pb_use_builder":"on","_et_pb_old_content":"","_et_gb_content_width":"","footnotes":""},"class_list":["post-37","page","type-page","status-publish","hentry"],"_links":{"self":[{"href":"https:\/\/www.surmelidental.com\/index.php?rest_route=\/wp\/v2\/pages\/37","targetHints":{"allow":["GET"]}}],"collection":[{"href":"https:\/\/www.surmelidental.com\/index.php?rest_route=\/wp\/v2\/pages"}],"about":[{"href":"https:\/\/www.surmelidental.com\/index.php?rest_route=\/wp\/v2\/types\/page"}],"author":[{"embeddable":true,"href":"https:\/\/www.surmelidental.com\/index.php?rest_route=\/wp\/v2\/users\/1"}],"replies":[{"embeddable":true,"href":"https:\/\/www.surmelidental.com\/index.php?rest_route=%2Fwp%2Fv2%2Fcomments&post=37"}],"version-history":[{"count":6,"href":"https:\/\/www.surmelidental.com\/index.php?rest_route=\/wp\/v2\/pages\/37\/revisions"}],"predecessor-version":[{"id":241,"href":"https:\/\/www.surmelidental.com\/index.php?rest_route=\/wp\/v2\/pages\/37\/revisions\/241"}],"wp:attachment":[{"href":"https:\/\/www.surmelidental.com\/index.php?rest_route=%2Fwp%2Fv2%2Fmedia&parent=37"}],"curies":[{"name":"wp","href":"https:\/\/api.w.org\/{rel}","templated":true}]}}